{"id":3096,"date":"2023-12-01T08:07:35","date_gmt":"2023-12-01T08:07:35","guid":{"rendered":"https:\/\/educarconrobotica.com\/contacte\/"},"modified":"2025-09-23T11:52:37","modified_gmt":"2025-09-23T11:52:37","slug":"contacte","status":"publish","type":"page","link":"https:\/\/educarconrobotica.com\/ca\/contacte\/","title":{"rendered":"Contacte"},"content":{"rendered":"\t\t<div data-elementor-type=\"wp-page\" data-elementor-id=\"3096\" class=\"elementor elementor-3096 elementor-25\" data-elementor-post-type=\"page\">\n\t\t\t\t<div class=\"elementor-element elementor-element-1a6bf47 e-flex e-con-boxed wpr-particle-no wpr-jarallax-no wpr-parallax-no wpr-sticky-section-no wpr-equal-height-no e-con e-parent\" data-id=\"1a6bf47\" data-element_type=\"container\" data-e-type=\"container\" data-settings=\"{&quot;background_background&quot;:&quot;classic&quot;}\">\n\t\t\t\t\t<div class=\"e-con-inner\">\n\t\t\t\t<div class=\"elementor-element elementor-element-2787ec7 elementor-widget elementor-widget-heading\" data-id=\"2787ec7\" data-element_type=\"widget\" data-e-type=\"widget\" data-widget_type=\"heading.default\">\n\t\t\t\t\t<h2 class=\"elementor-heading-title elementor-size-default\">Contacte<\/h2>\t\t\t\t<\/div>\n\t\t\t\t<div class=\"elementor-element elementor-element-984be54 elementor-widget elementor-widget-heading\" data-id=\"984be54\" data-element_type=\"widget\" data-e-type=\"widget\" data-widget_type=\"heading.default\">\n\t\t\t\t\t<h2 class=\"elementor-heading-title elementor-size-default\">Acad\u00e8mia de Rob\u00f2tica Educativa<\/h2>\t\t\t\t<\/div>\n\t\t\t\t\t<\/div>\n\t\t\t\t<\/div>\n\t\t<div class=\"elementor-element elementor-element-6cd2fc6 e-flex e-con-boxed wpr-particle-no wpr-jarallax-no wpr-parallax-no wpr-sticky-section-no wpr-equal-height-no e-con e-parent\" data-id=\"6cd2fc6\" data-element_type=\"container\" data-e-type=\"container\">\n\t\t\t\t\t<div class=\"e-con-inner\">\n\t\t<div class=\"elementor-element elementor-element-300d086 elementor-hidden-tablet e-flex e-con-boxed wpr-particle-no wpr-jarallax-no wpr-parallax-no wpr-sticky-section-no wpr-equal-height-no e-con e-child\" data-id=\"300d086\" data-element_type=\"container\" data-e-type=\"container\">\n\t\t\t\t\t<div class=\"e-con-inner\">\n\t\t\t\t<div class=\"elementor-element elementor-element-49a31b3 elementor-widget elementor-widget-image\" data-id=\"49a31b3\" data-element_type=\"widget\" data-e-type=\"widget\" data-widget_type=\"image.default\">\n\t\t\t\t\t\t\t\t\t\t\t\t\t\t\t<img fetchpriority=\"high\" decoding=\"async\" width=\"548\" height=\"650\" src=\"https:\/\/educarconrobotica.com\/wp-content\/uploads\/2025\/02\/2-1.png\" class=\"attachment-large size-large wp-image-2713\" alt=\"\" srcset=\"https:\/\/educarconrobotica.com\/wp-content\/uploads\/2025\/02\/2-1.png 548w, https:\/\/educarconrobotica.com\/wp-content\/uploads\/2025\/02\/2-1-253x300.png 253w\" sizes=\"(max-width: 548px) 100vw, 548px\" \/>\t\t\t\t\t\t\t\t\t\t\t\t\t\t\t<\/div>\n\t\t\t\t\t<\/div>\n\t\t\t\t<\/div>\n\t\t<div class=\"elementor-element elementor-element-9a3a34e e-flex e-con-boxed wpr-particle-no wpr-jarallax-no wpr-parallax-no wpr-sticky-section-no wpr-equal-height-no e-con e-child\" data-id=\"9a3a34e\" data-element_type=\"container\" data-e-type=\"container\">\n\t\t\t\t\t<div class=\"e-con-inner\">\n\t\t\t\t<div class=\"elementor-element elementor-element-e27df21 elementor-widget elementor-widget-heading\" data-id=\"e27df21\" data-element_type=\"widget\" data-e-type=\"widget\" data-widget_type=\"heading.default\">\n\t\t\t\t\t<h2 class=\"elementor-heading-title elementor-size-default\">Apunta't als nostres tallers!<\/h2>\t\t\t\t<\/div>\n\t\t\t\t<div class=\"elementor-element elementor-element-eeb290f elementor-widget elementor-widget-button\" data-id=\"eeb290f\" data-element_type=\"widget\" data-e-type=\"widget\" data-widget_type=\"button.default\">\n\t\t\t\t\t\t\t\t\t\t<a class=\"elementor-button elementor-button-link elementor-size-sm\" href=\"https:\/\/forms.gle\/avH5ys3CdgbTQBKt5\" target=\"_blank\">\n\t\t\t\t\t\t<span class=\"elementor-button-content-wrapper\">\n\t\t\t\t\t\t\t\t\t<span class=\"elementor-button-text\">FORMULARI D'INSCRIPCI\u00d3<\/span>\n\t\t\t\t\t<\/span>\n\t\t\t\t\t<\/a>\n\t\t\t\t\t\t\t\t<\/div>\n\t\t\t\t<div class=\"elementor-element elementor-element-d1fdfa9 elementor-widget elementor-widget-text-editor\" data-id=\"d1fdfa9\" data-element_type=\"widget\" data-e-type=\"widget\" data-widget_type=\"text-editor.default\">\n\t\t\t\t\t\t\t\t\t<p>Els nostres tallers estan dissenyats per a <strong>infants i adolescents entre 9 i 16 anys<\/strong> amb curiositat per la tecnologia, sense importar el nivell d&#8217;experi\u00e8ncia pr\u00e8via. Si els apassiona explorar el m\u00f3n de la <strong>rob\u00f2tica<\/strong>, la <strong>programaci\u00f3<\/strong> o l&#8217;<strong>electr\u00f2nica<\/strong>, o simplement volen descobrir com funcionen els dispositius que fem servir cada dia, aquest \u00e9s el seu espai!<\/p>\t\t\t\t\t\t\t\t<\/div>\n\t\t\t\t<div class=\"elementor-element elementor-element-2700ffd elementor-widget elementor-widget-heading\" data-id=\"2700ffd\" data-element_type=\"widget\" data-e-type=\"widget\" data-widget_type=\"heading.default\">\n\t\t\t\t\t<h2 class=\"elementor-heading-title elementor-size-default\">Contacta amb nosaltres<\/h2>\t\t\t\t<\/div>\n\t\t\t\t<div class=\"elementor-element elementor-element-cb88679 elementor-icon-list--layout-traditional elementor-list-item-link-full_width elementor-widget elementor-widget-icon-list\" data-id=\"cb88679\" data-element_type=\"widget\" data-e-type=\"widget\" data-widget_type=\"icon-list.default\">\n\t\t\t\t\t\t\t<ul class=\"elementor-icon-list-items\">\n\t\t\t\t\t\t\t<li class=\"elementor-icon-list-item\">\n\t\t\t\t\t\t\t\t\t\t\t<span class=\"elementor-icon-list-icon\">\n\t\t\t\t\t\t\t<svg aria-hidden=\"true\" class=\"e-font-icon-svg e-fas-phone-alt\" viewBox=\"0 0 512 512\" xmlns=\"http:\/\/www.w3.org\/2000\/svg\"><path d=\"M497.39 361.8l-112-48a24 24 0 0 0-28 6.9l-49.6 60.6A370.66 370.66 0 0 1 130.6 204.11l60.6-49.6a23.94 23.94 0 0 0 6.9-28l-48-112A24.16 24.16 0 0 0 122.6.61l-104 24A24 24 0 0 0 0 48c0 256.5 207.9 464 464 464a24 24 0 0 0 23.4-18.6l24-104a24.29 24.29 0 0 0-14.01-27.6z\"><\/path><\/svg>\t\t\t\t\t\t<\/span>\n\t\t\t\t\t\t\t\t\t\t<span class=\"elementor-icon-list-text\">+34 601 17 13 77<\/span>\n\t\t\t\t\t\t\t\t\t<\/li>\n\t\t\t\t\t\t\t\t<li class=\"elementor-icon-list-item\">\n\t\t\t\t\t\t\t\t\t\t\t<span class=\"elementor-icon-list-icon\">\n\t\t\t\t\t\t\t<svg aria-hidden=\"true\" class=\"e-font-icon-svg e-fas-envelope\" viewBox=\"0 0 512 512\" xmlns=\"http:\/\/www.w3.org\/2000\/svg\"><path d=\"M502.3 190.8c3.9-3.1 9.7-.2 9.7 4.7V400c0 26.5-21.5 48-48 48H48c-26.5 0-48-21.5-48-48V195.6c0-5 5.7-7.8 9.7-4.7 22.4 17.4 52.1 39.5 154.1 113.6 21.1 15.4 56.7 47.8 92.2 47.6 35.7.3 72-32.8 92.3-47.6 102-74.1 131.6-96.3 154-113.7zM256 320c23.2.4 56.6-29.2 73.4-41.4 132.7-96.3 142.8-104.7 173.4-128.7 5.8-4.5 9.2-11.5 9.2-18.9v-19c0-26.5-21.5-48-48-48H48C21.5 64 0 85.5 0 112v19c0 7.4 3.4 14.3 9.2 18.9 30.6 23.9 40.7 32.4 173.4 128.7 16.8 12.2 50.2 41.8 73.4 41.4z\"><\/path><\/svg>\t\t\t\t\t\t<\/span>\n\t\t\t\t\t\t\t\t\t\t<span class=\"elementor-icon-list-text\">info@educarconrobotica.com<\/span>\n\t\t\t\t\t\t\t\t\t<\/li>\n\t\t\t\t\t\t\t\t<li class=\"elementor-icon-list-item\">\n\t\t\t\t\t\t\t\t\t\t\t<span class=\"elementor-icon-list-icon\">\n\t\t\t\t\t\t\t<svg aria-hidden=\"true\" class=\"e-font-icon-svg e-fas-map-marker-alt\" viewBox=\"0 0 384 512\" xmlns=\"http:\/\/www.w3.org\/2000\/svg\"><path d=\"M172.268 501.67C26.97 291.031 0 269.413 0 192 0 85.961 85.961 0 192 0s192 85.961 192 192c0 77.413-26.97 99.031-172.268 309.67-9.535 13.774-29.93 13.773-39.464 0zM192 272c44.183 0 80-35.817 80-80s-35.817-80-80-80-80 35.817-80 80 35.817 80 80 80z\"><\/path><\/svg>\t\t\t\t\t\t<\/span>\n\t\t\t\t\t\t\t\t\t\t<span class=\"elementor-icon-list-text\">Avinguda de Catalunya, 17 - 17520 Puigcerd\u00e0, Girona<\/span>\n\t\t\t\t\t\t\t\t\t<\/li>\n\t\t\t\t\t\t<\/ul>\n\t\t\t\t\t\t<\/div>\n\t\t\t\t<div class=\"elementor-element elementor-element-a8ea271 elementor-widget elementor-widget-html\" data-id=\"a8ea271\" data-element_type=\"widget\" data-e-type=\"widget\" data-widget_type=\"html.default\">\n\t\t\t\t\t<iframe src=\"https:\/\/www.google.com\/maps\/embed?pb=!1m14!1m8!1m3!1d736.2044496393862!2d1.9303770000000002!3d42.431613!3m2!1i1024!2i768!4f13.1!3m3!1m2!1s0x12a57bb8b3408507%3A0xb178912ec53a62ba!2sAvinguda%20de%20Catalunya%2C%2017%2C%2017520%20Puigcerd%C3%A0%2C%20Girona!5e0!3m2!1sca!2ses!4v1741168371564!5m2!1sca!2ses\" width=\"600\" height=\"450\" style=\"border:0;\" allowfullscreen=\"\" loading=\"lazy\" referrerpolicy=\"no-referrer-when-downgrade\"><\/iframe>\t\t\t\t<\/div>\n\t\t\t\t\t<\/div>\n\t\t\t\t<\/div>\n\t\t\t\t\t<\/div>\n\t\t\t\t<\/div>\n\t\t\t\t<\/div>\n\t\t","protected":false},"excerpt":{"rendered":"<p>Contacte Acad\u00e8mia de Rob\u00f2tica Educativa Apunta&#8217;t als nostres tallers! FORMULARI D&#8217;INSCRIPCI\u00d3 Els nostres tallers estan dissenyats per a infants i adolescents entre 9 i 16 anys amb curiositat per la tecnologia, sense importar el nivell d&#8217;experi\u00e8ncia pr\u00e8via. Si els apassiona explorar el m\u00f3n de la rob\u00f2tica, la programaci\u00f3 o l&#8217;electr\u00f2nica, o simplement volen descobrir com funcionen els dispositius que fem servir cada dia, aquest \u00e9s el seu espai! Contacta amb nosaltres +34 601 17 13 77 info@educarconrobotica.com Avinguda de Catalunya, 17 &#8211; 17520 Puigcerd\u00e0, Girona<\/p>\n","protected":false},"author":1,"featured_media":0,"parent":0,"menu_order":0,"comment_status":"closed","ping_status":"closed","template":"elementor_canvas","meta":{"_joinchat":[],"footnotes":""},"class_list":["post-3096","page","type-page","status-publish","hentry"],"yoast_head":"<!-- This site is optimized with the Yoast SEO plugin v27.4 - https:\/\/yoast.com\/product\/yoast-seo-wordpress\/ -->\n<title>Acad\u00e8mia de Rob\u00f2tica a Puigcerd\u00e0 - Contacte<\/title>\n<meta name=\"description\" content=\"Educar amb Rob\u00f2tica. Tallers de rob\u00f2tica per a alumnes de 9 a 16 anys. Contacte: 34 601 17 13 77 \u00b7 Avinguda de Catalunya, 17 - 17520 Puigcerd\u00e0\" \/>\n<meta name=\"robots\" content=\"index, follow, max-snippet:-1, max-image-preview:large, max-video-preview:-1\" \/>\n<link rel=\"canonical\" href=\"https:\/\/educarconrobotica.com\/ca\/contacte\/\" \/>\n<meta property=\"og:locale\" content=\"ca_ES\" \/>\n<meta property=\"og:type\" content=\"article\" \/>\n<meta property=\"og:title\" content=\"Acad\u00e8mia de Rob\u00f2tica a Puigcerd\u00e0 - Contacte\" \/>\n<meta property=\"og:description\" content=\"Educar amb Rob\u00f2tica. Tallers de rob\u00f2tica per a alumnes de 9 a 16 anys. Contacte: 34 601 17 13 77 \u00b7 Avinguda de Catalunya, 17 - 17520 Puigcerd\u00e0\" \/>\n<meta property=\"og:url\" content=\"https:\/\/educarconrobotica.com\/ca\/contacte\/\" \/>\n<meta property=\"og:site_name\" content=\"Educar con Rob\u00f3tica\" \/>\n<meta property=\"article:modified_time\" content=\"2025-09-23T11:52:37+00:00\" \/>\n<meta property=\"og:image\" content=\"https:\/\/educarconrobotica.com\/wp-content\/uploads\/2025\/02\/2-1.png\" \/>\n\t<meta property=\"og:image:width\" content=\"548\" \/>\n\t<meta property=\"og:image:height\" content=\"650\" \/>\n\t<meta property=\"og:image:type\" content=\"image\/png\" \/>\n<meta name=\"twitter:card\" content=\"summary_large_image\" \/>\n<script type=\"application\/ld+json\" class=\"yoast-schema-graph\">{\"@context\":\"https:\\\/\\\/schema.org\",\"@graph\":[{\"@type\":\"WebPage\",\"@id\":\"https:\\\/\\\/educarconrobotica.com\\\/ca\\\/contacte\\\/\",\"url\":\"https:\\\/\\\/educarconrobotica.com\\\/ca\\\/contacte\\\/\",\"name\":\"Acad\u00e8mia de Rob\u00f2tica a Puigcerd\u00e0 - Contacte\",\"isPartOf\":{\"@id\":\"https:\\\/\\\/educarconrobotica.com\\\/ca\\\/#website\"},\"primaryImageOfPage\":{\"@id\":\"https:\\\/\\\/educarconrobotica.com\\\/ca\\\/contacte\\\/#primaryimage\"},\"image\":{\"@id\":\"https:\\\/\\\/educarconrobotica.com\\\/ca\\\/contacte\\\/#primaryimage\"},\"thumbnailUrl\":\"https:\\\/\\\/educarconrobotica.com\\\/wp-content\\\/uploads\\\/2025\\\/02\\\/2-1.png\",\"datePublished\":\"2023-12-01T08:07:35+00:00\",\"dateModified\":\"2025-09-23T11:52:37+00:00\",\"description\":\"Educar amb Rob\u00f2tica. Tallers de rob\u00f2tica per a alumnes de 9 a 16 anys. Contacte: 34 601 17 13 77 \u00b7 Avinguda de Catalunya, 17 - 17520 Puigcerd\u00e0\",\"breadcrumb\":{\"@id\":\"https:\\\/\\\/educarconrobotica.com\\\/ca\\\/contacte\\\/#breadcrumb\"},\"inLanguage\":\"ca\",\"potentialAction\":[{\"@type\":\"ReadAction\",\"target\":[\"https:\\\/\\\/educarconrobotica.com\\\/ca\\\/contacte\\\/\"]}]},{\"@type\":\"ImageObject\",\"inLanguage\":\"ca\",\"@id\":\"https:\\\/\\\/educarconrobotica.com\\\/ca\\\/contacte\\\/#primaryimage\",\"url\":\"https:\\\/\\\/educarconrobotica.com\\\/wp-content\\\/uploads\\\/2025\\\/02\\\/2-1.png\",\"contentUrl\":\"https:\\\/\\\/educarconrobotica.com\\\/wp-content\\\/uploads\\\/2025\\\/02\\\/2-1.png\"},{\"@type\":\"BreadcrumbList\",\"@id\":\"https:\\\/\\\/educarconrobotica.com\\\/ca\\\/contacte\\\/#breadcrumb\",\"itemListElement\":[{\"@type\":\"ListItem\",\"position\":1,\"name\":\"Portada\",\"item\":\"https:\\\/\\\/educarconrobotica.com\\\/ca\\\/\"},{\"@type\":\"ListItem\",\"position\":2,\"name\":\"Contacte\"}]},{\"@type\":\"WebSite\",\"@id\":\"https:\\\/\\\/educarconrobotica.com\\\/ca\\\/#website\",\"url\":\"https:\\\/\\\/educarconrobotica.com\\\/ca\\\/\",\"name\":\"Educar con Rob\u00f3tica\",\"description\":\"\",\"publisher\":{\"@id\":\"https:\\\/\\\/educarconrobotica.com\\\/ca\\\/#organization\"},\"potentialAction\":[{\"@type\":\"SearchAction\",\"target\":{\"@type\":\"EntryPoint\",\"urlTemplate\":\"https:\\\/\\\/educarconrobotica.com\\\/ca\\\/?s={search_term_string}\"},\"query-input\":{\"@type\":\"PropertyValueSpecification\",\"valueRequired\":true,\"valueName\":\"search_term_string\"}}],\"inLanguage\":\"ca\"},{\"@type\":\"Organization\",\"@id\":\"https:\\\/\\\/educarconrobotica.com\\\/ca\\\/#organization\",\"name\":\"Educar con Rob\u00f3tica\",\"url\":\"https:\\\/\\\/educarconrobotica.com\\\/ca\\\/\",\"logo\":{\"@type\":\"ImageObject\",\"inLanguage\":\"ca\",\"@id\":\"https:\\\/\\\/educarconrobotica.com\\\/ca\\\/#\\\/schema\\\/logo\\\/image\\\/\",\"url\":\"https:\\\/\\\/educarconrobotica.com\\\/wp-content\\\/uploads\\\/2025\\\/02\\\/cropped-logo.png\",\"contentUrl\":\"https:\\\/\\\/educarconrobotica.com\\\/wp-content\\\/uploads\\\/2025\\\/02\\\/cropped-logo.png\",\"width\":512,\"height\":512,\"caption\":\"Educar con Rob\u00f3tica\"},\"image\":{\"@id\":\"https:\\\/\\\/educarconrobotica.com\\\/ca\\\/#\\\/schema\\\/logo\\\/image\\\/\"},\"sameAs\":[\"https:\\\/\\\/www.instagram.com\\\/educarconrobotica\\\/\"]}]}<\/script>\n<!-- \/ Yoast SEO plugin. -->","yoast_head_json":{"title":"Acad\u00e8mia de Rob\u00f2tica a Puigcerd\u00e0 - Contacte","description":"Educar amb Rob\u00f2tica. Tallers de rob\u00f2tica per a alumnes de 9 a 16 anys. Contacte: 34 601 17 13 77 \u00b7 Avinguda de Catalunya, 17 - 17520 Puigcerd\u00e0","robots":{"index":"index","follow":"follow","max-snippet":"max-snippet:-1","max-image-preview":"max-image-preview:large","max-video-preview":"max-video-preview:-1"},"canonical":"https:\/\/educarconrobotica.com\/ca\/contacte\/","og_locale":"ca_ES","og_type":"article","og_title":"Acad\u00e8mia de Rob\u00f2tica a Puigcerd\u00e0 - Contacte","og_description":"Educar amb Rob\u00f2tica. Tallers de rob\u00f2tica per a alumnes de 9 a 16 anys. Contacte: 34 601 17 13 77 \u00b7 Avinguda de Catalunya, 17 - 17520 Puigcerd\u00e0","og_url":"https:\/\/educarconrobotica.com\/ca\/contacte\/","og_site_name":"Educar con Rob\u00f3tica","article_modified_time":"2025-09-23T11:52:37+00:00","og_image":[{"width":548,"height":650,"url":"https:\/\/educarconrobotica.com\/wp-content\/uploads\/2025\/02\/2-1.png","type":"image\/png"}],"twitter_card":"summary_large_image","schema":{"@context":"https:\/\/schema.org","@graph":[{"@type":"WebPage","@id":"https:\/\/educarconrobotica.com\/ca\/contacte\/","url":"https:\/\/educarconrobotica.com\/ca\/contacte\/","name":"Acad\u00e8mia de Rob\u00f2tica a Puigcerd\u00e0 - Contacte","isPartOf":{"@id":"https:\/\/educarconrobotica.com\/ca\/#website"},"primaryImageOfPage":{"@id":"https:\/\/educarconrobotica.com\/ca\/contacte\/#primaryimage"},"image":{"@id":"https:\/\/educarconrobotica.com\/ca\/contacte\/#primaryimage"},"thumbnailUrl":"https:\/\/educarconrobotica.com\/wp-content\/uploads\/2025\/02\/2-1.png","datePublished":"2023-12-01T08:07:35+00:00","dateModified":"2025-09-23T11:52:37+00:00","description":"Educar amb Rob\u00f2tica. Tallers de rob\u00f2tica per a alumnes de 9 a 16 anys. Contacte: 34 601 17 13 77 \u00b7 Avinguda de Catalunya, 17 - 17520 Puigcerd\u00e0","breadcrumb":{"@id":"https:\/\/educarconrobotica.com\/ca\/contacte\/#breadcrumb"},"inLanguage":"ca","potentialAction":[{"@type":"ReadAction","target":["https:\/\/educarconrobotica.com\/ca\/contacte\/"]}]},{"@type":"ImageObject","inLanguage":"ca","@id":"https:\/\/educarconrobotica.com\/ca\/contacte\/#primaryimage","url":"https:\/\/educarconrobotica.com\/wp-content\/uploads\/2025\/02\/2-1.png","contentUrl":"https:\/\/educarconrobotica.com\/wp-content\/uploads\/2025\/02\/2-1.png"},{"@type":"BreadcrumbList","@id":"https:\/\/educarconrobotica.com\/ca\/contacte\/#breadcrumb","itemListElement":[{"@type":"ListItem","position":1,"name":"Portada","item":"https:\/\/educarconrobotica.com\/ca\/"},{"@type":"ListItem","position":2,"name":"Contacte"}]},{"@type":"WebSite","@id":"https:\/\/educarconrobotica.com\/ca\/#website","url":"https:\/\/educarconrobotica.com\/ca\/","name":"Educar con Rob\u00f3tica","description":"","publisher":{"@id":"https:\/\/educarconrobotica.com\/ca\/#organization"},"potentialAction":[{"@type":"SearchAction","target":{"@type":"EntryPoint","urlTemplate":"https:\/\/educarconrobotica.com\/ca\/?s={search_term_string}"},"query-input":{"@type":"PropertyValueSpecification","valueRequired":true,"valueName":"search_term_string"}}],"inLanguage":"ca"},{"@type":"Organization","@id":"https:\/\/educarconrobotica.com\/ca\/#organization","name":"Educar con Rob\u00f3tica","url":"https:\/\/educarconrobotica.com\/ca\/","logo":{"@type":"ImageObject","inLanguage":"ca","@id":"https:\/\/educarconrobotica.com\/ca\/#\/schema\/logo\/image\/","url":"https:\/\/educarconrobotica.com\/wp-content\/uploads\/2025\/02\/cropped-logo.png","contentUrl":"https:\/\/educarconrobotica.com\/wp-content\/uploads\/2025\/02\/cropped-logo.png","width":512,"height":512,"caption":"Educar con Rob\u00f3tica"},"image":{"@id":"https:\/\/educarconrobotica.com\/ca\/#\/schema\/logo\/image\/"},"sameAs":["https:\/\/www.instagram.com\/educarconrobotica\/"]}]}},"_links":{"self":[{"href":"https:\/\/educarconrobotica.com\/ca\/wp-json\/wp\/v2\/pages\/3096","targetHints":{"allow":["GET"]}}],"collection":[{"href":"https:\/\/educarconrobotica.com\/ca\/wp-json\/wp\/v2\/pages"}],"about":[{"href":"https:\/\/educarconrobotica.com\/ca\/wp-json\/wp\/v2\/types\/page"}],"author":[{"embeddable":true,"href":"https:\/\/educarconrobotica.com\/ca\/wp-json\/wp\/v2\/users\/1"}],"replies":[{"embeddable":true,"href":"https:\/\/educarconrobotica.com\/ca\/wp-json\/wp\/v2\/comments?post=3096"}],"version-history":[{"count":3,"href":"https:\/\/educarconrobotica.com\/ca\/wp-json\/wp\/v2\/pages\/3096\/revisions"}],"predecessor-version":[{"id":3377,"href":"https:\/\/educarconrobotica.com\/ca\/wp-json\/wp\/v2\/pages\/3096\/revisions\/3377"}],"wp:attachment":[{"href":"https:\/\/educarconrobotica.com\/ca\/wp-json\/wp\/v2\/media?parent=3096"}],"curies":[{"name":"wp","href":"https:\/\/api.w.org\/{rel}","templated":true}]}}